{"id":1085,"date":"2026-01-20T17:22:36","date_gmt":"2026-01-20T17:22:36","guid":{"rendered":"https:\/\/sitio.luzart.com.mx\/wordpress\/?page_id=1085"},"modified":"2026-01-21T16:54:35","modified_gmt":"2026-01-21T16:54:35","slug":"inicio","status":"publish","type":"page","link":"https:\/\/sitio.luzart.com.mx\/wordpress\/","title":{"rendered":"Inicio"},"content":{"rendered":"\t\t<div data-elementor-type=\"wp-page\" data-elementor-id=\"1085\" class=\"elementor elementor-1085\">\n\t\t\t\t<div class=\"elementor-element elementor-element-5ae8361 e-flex e-con-boxed e-con e-parent\" data-id=\"5ae8361\" data-element_type=\"container\" data-settings=\"{&quot;background_background&quot;:&quot;classic&quot;}\">\n\t\t\t\t\t<div class=\"e-con-inner\">\n\t\t<div class=\"elementor-element elementor-element-73e6396 e-grid e-con-boxed e-con e-child\" data-id=\"73e6396\" data-element_type=\"container\">\n\t\t\t\t\t<div class=\"e-con-inner\">\n\t\t<div class=\"elementor-element elementor-element-405b4a1 e-flex e-con-boxed e-con e-child\" data-id=\"405b4a1\" data-element_type=\"container\">\n\t\t\t\t\t<div class=\"e-con-inner\">\n\t\t\t\t<div class=\"elementor-element elementor-element-6d2dc05 elementor-widget elementor-widget-heading\" data-id=\"6d2dc05\" data-element_type=\"widget\" data-widget_type=\"heading.default\">\n\t\t\t\t<div class=\"elementor-widget-container\">\n\t\t\t<style>\/*! elementor - v3.21.0 - 26-05-2024 *\/\n.elementor-heading-title{padding:0;margin:0;line-height:1}.elementor-widget-heading .elementor-heading-title[class*=elementor-size-]>a{color:inherit;font-size:inherit;line-height:inherit}.elementor-widget-heading .elementor-heading-title.elementor-size-small{font-size:15px}.elementor-widget-heading .elementor-heading-title.elementor-size-medium{font-size:19px}.elementor-widget-heading .elementor-heading-title.elementor-size-large{font-size:29px}.elementor-widget-heading .elementor-heading-title.elementor-size-xl{font-size:39px}.elementor-widget-heading .elementor-heading-title.elementor-size-xxl{font-size:59px}<\/style><h3 class=\"elementor-heading-title elementor-size-default\">Soluciones en iluminaci\u00f3n<\/h3>\t\t<\/div>\n\t\t\t\t<\/div>\n\t\t\t\t<div class=\"elementor-element elementor-element-9bdeb6f animated-slow elementor-invisible elementor-widget elementor-widget-heading\" data-id=\"9bdeb6f\" data-element_type=\"widget\" data-settings=\"{&quot;_animation&quot;:&quot;zoomIn&quot;}\" data-widget_type=\"heading.default\">\n\t\t\t\t<div class=\"elementor-widget-container\">\n\t\t\t<h1 class=\"elementor-heading-title elementor-size-default\">Luzart <br>\nArte en <br>Iluminaci\u00f3n<\/h1>\t\t<\/div>\n\t\t\t\t<\/div>\n\t\t\t\t<div class=\"elementor-element elementor-element-5859415 elementor-widget elementor-widget-button\" data-id=\"5859415\" data-element_type=\"widget\" data-widget_type=\"button.default\">\n\t\t\t\t<div class=\"elementor-widget-container\">\n\t\t\t\t\t<div class=\"elementor-button-wrapper\">\n\t\t\t<a class=\"elementor-button elementor-button-link elementor-size-sm\" href=\"#\">\n\t\t\t\t\t\t<span class=\"elementor-button-content-wrapper\">\n\t\t\t\t\t\t\t\t\t<span class=\"elementor-button-text\">Galer\u00eda<\/span>\n\t\t\t\t\t<\/span>\n\t\t\t\t\t<\/a>\n\t\t<\/div>\n\t\t\t\t<\/div>\n\t\t\t\t<\/div>\n\t\t\t\t\t<\/div>\n\t\t\t\t<\/div>\n\t\t<div class=\"elementor-element elementor-element-9d91e1b e-flex e-con-boxed e-con e-child\" data-id=\"9d91e1b\" data-element_type=\"container\">\n\t\t\t\t\t<div class=\"e-con-inner\">\n\t\t\t\t<div class=\"elementor-element elementor-element-58de9e1 elementor-widget elementor-widget-image\" data-id=\"58de9e1\" data-element_type=\"widget\" data-widget_type=\"image.default\">\n\t\t\t\t<div class=\"elementor-widget-container\">\n\t\t\t<style>\/*! elementor - v3.21.0 - 26-05-2024 *\/\n.elementor-widget-image{text-align:center}.elementor-widget-image a{display:inline-block}.elementor-widget-image a img[src$=\".svg\"]{width:48px}.elementor-widget-image img{vertical-align:middle;display:inline-block}<\/style>\t\t\t\t\t\t\t\t\t\t<img fetchpriority=\"high\" decoding=\"async\" width=\"681\" height=\"1024\" src=\"https:\/\/sitio.luzart.com.mx\/wordpress\/wp-content\/uploads\/2026\/01\/Luzart-soluciones-en-iluminacion-inicio.webp\" class=\"attachment-large size-large wp-image-1241\" alt=\"\" srcset=\"https:\/\/sitio.luzart.com.mx\/wordpress\/wp-content\/uploads\/2026\/01\/Luzart-soluciones-en-iluminacion-inicio.webp 681w, https:\/\/sitio.luzart.com.mx\/wordpress\/wp-content\/uploads\/2026\/01\/Luzart-soluciones-en-iluminacion-inicio-200x300.webp 200w\" sizes=\"(max-width: 681px) 100vw, 681px\" \/>\t\t\t\t\t\t\t\t\t\t\t\t\t<\/div>\n\t\t\t\t<\/div>\n\t\t\t\t\t<\/div>\n\t\t\t\t<\/div>\n\t\t\t\t\t<\/div>\n\t\t\t\t<\/div>\n\t\t\t\t\t<\/div>\n\t\t\t\t<\/div>\n\t\t<div class=\"elementor-element elementor-element-4d99e94 e-flex e-con-boxed e-con e-parent\" data-id=\"4d99e94\" data-element_type=\"container\" data-settings=\"{&quot;background_background&quot;:&quot;classic&quot;}\">\n\t\t\t\t\t<div class=\"e-con-inner\">\n\t\t<div class=\"elementor-element elementor-element-b7800f5 e-con-full e-flex e-con e-child\" data-id=\"b7800f5\" data-element_type=\"container\">\n\t\t\t\t<div class=\"elementor-element elementor-element-00a7ad3 elementor-widget__width-initial elementor-widget elementor-widget-heading\" data-id=\"00a7ad3\" data-element_type=\"widget\" data-widget_type=\"heading.default\">\n\t\t\t\t<div class=\"elementor-widget-container\">\n\t\t\t<h2 class=\"elementor-heading-title elementor-size-default\">M\u00e1s de 16 a\u00f1os de experiencia, dedicada al asesoramiento y suministro en Proyectos de Iluminaci\u00f3n en todo M\u00e9xico.<\/h2>\t\t<\/div>\n\t\t\t\t<\/div>\n\t\t\t\t<\/div>\n\t\t<div class=\"elementor-element elementor-element-7938010 e-con-full animated-slow e-flex elementor-invisible e-con e-child\" data-id=\"7938010\" data-element_type=\"container\" data-settings=\"{&quot;animation&quot;:&quot;fadeInRight&quot;}\">\n\t\t\t\t<div class=\"elementor-element elementor-element-4b30f85 elementor-widget elementor-widget-heading\" data-id=\"4b30f85\" data-element_type=\"widget\" data-widget_type=\"heading.default\">\n\t\t\t\t<div class=\"elementor-widget-container\">\n\t\t\t<h4 class=\"elementor-heading-title elementor-size-default\">Descubre nuestros \u00faltimos Proyectos con innovaci\u00f3n en Iluminaci\u00f3n y dise\u00f1o para cada espacio.\n<\/h4>\t\t<\/div>\n\t\t\t\t<\/div>\n\t\t\t\t<\/div>\n\t\t\t\t\t<\/div>\n\t\t\t\t<\/div>\n\t\t<div class=\"elementor-element elementor-element-3dd5c15 e-grid e-con-full e-con e-parent\" data-id=\"3dd5c15\" data-element_type=\"container\" data-settings=\"{&quot;background_background&quot;:&quot;classic&quot;}\">\n\t\t\t\t<div class=\"elementor-element elementor-element-a192268 elementor-widget elementor-widget-image\" data-id=\"a192268\" data-element_type=\"widget\" data-widget_type=\"image.default\">\n\t\t\t\t<div class=\"elementor-widget-container\">\n\t\t\t\t\t\t\t\t\t\t\t\t\t<img decoding=\"async\" width=\"800\" height=\"600\" src=\"https:\/\/sitio.luzart.com.mx\/wordpress\/wp-content\/uploads\/2026\/01\/Luzart-soluciones-en-iluminacion-mexico-01-a.webp\" class=\"attachment-large size-large wp-image-1267\" alt=\"\" srcset=\"https:\/\/sitio.luzart.com.mx\/wordpress\/wp-content\/uploads\/2026\/01\/Luzart-soluciones-en-iluminacion-mexico-01-a.webp 800w, https:\/\/sitio.luzart.com.mx\/wordpress\/wp-content\/uploads\/2026\/01\/Luzart-soluciones-en-iluminacion-mexico-01-a-300x225.webp 300w, https:\/\/sitio.luzart.com.mx\/wordpress\/wp-content\/uploads\/2026\/01\/Luzart-soluciones-en-iluminacion-mexico-01-a-768x576.webp 768w\" sizes=\"(max-width: 800px) 100vw, 800px\" \/>\t\t\t\t\t\t\t\t\t\t\t\t\t<\/div>\n\t\t\t\t<\/div>\n\t\t\t\t<div class=\"elementor-element elementor-element-023ccb2 elementor-widget elementor-widget-image\" data-id=\"023ccb2\" data-element_type=\"widget\" data-widget_type=\"image.default\">\n\t\t\t\t<div class=\"elementor-widget-container\">\n\t\t\t\t\t\t\t\t\t\t\t\t\t<img decoding=\"async\" width=\"800\" height=\"600\" src=\"https:\/\/sitio.luzart.com.mx\/wordpress\/wp-content\/uploads\/2026\/01\/Luzart-soluciones-en-iluminacion-mexico-02.webp\" class=\"attachment-large size-large wp-image-1252\" alt=\"\" srcset=\"https:\/\/sitio.luzart.com.mx\/wordpress\/wp-content\/uploads\/2026\/01\/Luzart-soluciones-en-iluminacion-mexico-02.webp 800w, https:\/\/sitio.luzart.com.mx\/wordpress\/wp-content\/uploads\/2026\/01\/Luzart-soluciones-en-iluminacion-mexico-02-300x225.webp 300w, https:\/\/sitio.luzart.com.mx\/wordpress\/wp-content\/uploads\/2026\/01\/Luzart-soluciones-en-iluminacion-mexico-02-768x576.webp 768w\" sizes=\"(max-width: 800px) 100vw, 800px\" \/>\t\t\t\t\t\t\t\t\t\t\t\t\t<\/div>\n\t\t\t\t<\/div>\n\t\t\t\t<div class=\"elementor-element elementor-element-e9b400e elementor-widget elementor-widget-image\" data-id=\"e9b400e\" data-element_type=\"widget\" data-widget_type=\"image.default\">\n\t\t\t\t<div class=\"elementor-widget-container\">\n\t\t\t\t\t\t\t\t\t\t\t\t\t<img loading=\"lazy\" decoding=\"async\" width=\"800\" height=\"600\" src=\"https:\/\/sitio.luzart.com.mx\/wordpress\/wp-content\/uploads\/2026\/01\/Luzart-soluciones-en-iluminacion-mexico-03.webp\" class=\"attachment-large size-large wp-image-1259\" alt=\"\" srcset=\"https:\/\/sitio.luzart.com.mx\/wordpress\/wp-content\/uploads\/2026\/01\/Luzart-soluciones-en-iluminacion-mexico-03.webp 800w, https:\/\/sitio.luzart.com.mx\/wordpress\/wp-content\/uploads\/2026\/01\/Luzart-soluciones-en-iluminacion-mexico-03-300x225.webp 300w, https:\/\/sitio.luzart.com.mx\/wordpress\/wp-content\/uploads\/2026\/01\/Luzart-soluciones-en-iluminacion-mexico-03-768x576.webp 768w\" sizes=\"(max-width: 800px) 100vw, 800px\" \/>\t\t\t\t\t\t\t\t\t\t\t\t\t<\/div>\n\t\t\t\t<\/div>\n\t\t\t\t<\/div>\n\t\t<div class=\"elementor-element elementor-element-b14832b e-flex e-con-boxed e-con e-parent\" data-id=\"b14832b\" data-element_type=\"container\" data-settings=\"{&quot;background_background&quot;:&quot;classic&quot;}\">\n\t\t\t\t\t<div class=\"e-con-inner\">\n\t\t<div class=\"elementor-element elementor-element-b388076 e-flex e-con-boxed e-con e-child\" data-id=\"b388076\" data-element_type=\"container\">\n\t\t\t\t\t<div class=\"e-con-inner\">\n\t\t\t\t<div class=\"elementor-element elementor-element-da43289 elementor-hidden-desktop elementor-hidden-tablet elementor-hidden-mobile elementor-widget elementor-widget-image\" data-id=\"da43289\" data-element_type=\"widget\" data-widget_type=\"image.default\">\n\t\t\t\t<div class=\"elementor-widget-container\">\n\t\t\t\t\t\t\t\t\t\t\t\t\t<img loading=\"lazy\" decoding=\"async\" width=\"1020\" height=\"681\" src=\"https:\/\/sitio.luzart.com.mx\/wordpress\/wp-content\/uploads\/2026\/01\/Luzart-soluciones-en-iluminacion-mexico-04.webp\" class=\"attachment-large size-large wp-image-1271\" alt=\"\" srcset=\"https:\/\/sitio.luzart.com.mx\/wordpress\/wp-content\/uploads\/2026\/01\/Luzart-soluciones-en-iluminacion-mexico-04.webp 1020w, https:\/\/sitio.luzart.com.mx\/wordpress\/wp-content\/uploads\/2026\/01\/Luzart-soluciones-en-iluminacion-mexico-04-300x200.webp 300w, https:\/\/sitio.luzart.com.mx\/wordpress\/wp-content\/uploads\/2026\/01\/Luzart-soluciones-en-iluminacion-mexico-04-768x513.webp 768w\" sizes=\"(max-width: 1020px) 100vw, 1020px\" \/>\t\t\t\t\t\t\t\t\t\t\t\t\t<\/div>\n\t\t\t\t<\/div>\n\t\t<div class=\"elementor-element elementor-element-86eb16d e-flex e-con-boxed e-con e-child\" data-id=\"86eb16d\" data-element_type=\"container\" data-settings=\"{&quot;background_background&quot;:&quot;classic&quot;}\">\n\t\t\t\t\t<div class=\"e-con-inner\">\n\t\t\t\t\t<\/div>\n\t\t\t\t<\/div>\n\t\t\t\t\t<\/div>\n\t\t\t\t<\/div>\n\t\t<div class=\"elementor-element elementor-element-84bd0a4 animated-slow e-flex e-con-boxed elementor-invisible e-con e-child\" data-id=\"84bd0a4\" data-element_type=\"container\" data-settings=\"{&quot;animation&quot;:&quot;zoomIn&quot;}\">\n\t\t\t\t\t<div class=\"e-con-inner\">\n\t\t\t\t<div class=\"elementor-element elementor-element-31ad451 elementor-widget__width-initial elementor-widget elementor-widget-heading\" data-id=\"31ad451\" data-element_type=\"widget\" data-widget_type=\"heading.default\">\n\t\t\t\t<div class=\"elementor-widget-container\">\n\t\t\t<h2 class=\"elementor-heading-title elementor-size-default\">Ilumina tu Proyecto con soluciones sustentables.<\/h2>\t\t<\/div>\n\t\t\t\t<\/div>\n\t\t\t\t\t<\/div>\n\t\t\t\t<\/div>\n\t\t\t\t\t<\/div>\n\t\t\t\t<\/div>\n\t\t\t\t<\/div>\n\t\t","protected":false},"excerpt":{"rendered":"<p>Soluciones en iluminaci\u00f3n Luzart Arte en Iluminaci\u00f3n Galer\u00eda M\u00e1s de 16 a\u00f1os de experiencia, dedicada al asesoramiento y suministro en [&hellip;]<\/p>\n","protected":false},"author":2,"featured_media":0,"parent":0,"menu_order":0,"comment_status":"closed","ping_status":"closed","template":"","meta":{"_uag_custom_page_level_css":"","site-sidebar-layout":"no-sidebar","site-content-layout":"","ast-site-content-layout":"full-width-container","site-content-style":"default","site-sidebar-style":"default","ast-global-header-display":"","ast-banner-title-visibility":"","ast-main-header-display":"","ast-hfb-above-header-display":"","ast-hfb-below-header-display":"","ast-hfb-mobile-header-display":"","site-post-title":"disabled","ast-breadcrumbs-content":"","ast-featured-img":"disabled","footer-sml-layout":"","theme-transparent-header-meta":"","adv-header-id-meta":"","stick-header-meta":"","header-above-stick-meta":"","header-main-stick-meta":"","header-below-stick-meta":"","astra-migrate-meta-layouts":"default","ast-page-background-enabled":"default","ast-page-background-meta":{"desktop":{"background-color":"var(--ast-global-color-4)","background-image":"","background-repeat":"repeat","background-position":"center center","background-size":"auto","background-attachment":"scroll","background-type":"","background-media":"","overlay-type":"","overlay-color":"","overlay-opacity":"","overlay-gradient":""},"tablet":{"background-color":"","background-image":"","background-repeat":"repeat","background-position":"center center","background-size":"auto","background-attachment":"scroll","background-type":"","background-media":"","overlay-type":"","overlay-color":"","overlay-opacity":"","overlay-gradient":""},"mobile":{"background-color":"","background-image":"","background-repeat":"repeat","background-position":"center center","background-size":"auto","background-attachment":"scroll","background-type":"","background-media":"","overlay-type":"","overlay-color":"","overlay-opacity":"","overlay-gradient":""}},"ast-content-background-meta":{"desktop":{"background-color":"var(--ast-global-color-5)","background-image":"","background-repeat":"repeat","background-position":"center center","background-size":"auto","background-attachment":"scroll","background-type":"","background-media":"","overlay-type":"","overlay-color":"","overlay-opacity":"","overlay-gradient":""},"tablet":{"background-color":"var(--ast-global-color-5)","background-image":"","background-repeat":"repeat","background-position":"center center","background-size":"auto","background-attachment":"scroll","background-type":"","background-media":"","overlay-type":"","overlay-color":"","overlay-opacity":"","overlay-gradient":""},"mobile":{"background-color":"var(--ast-global-color-5)","background-image":"","background-repeat":"repeat","background-position":"center center","background-size":"auto","background-attachment":"scroll","background-type":"","background-media":"","overlay-type":"","overlay-color":"","overlay-opacity":"","overlay-gradient":""}},"_joinchat":[],"footnotes":""},"class_list":["post-1085","page","type-page","status-publish","hentry"],"uagb_featured_image_src":{"full":false,"thumbnail":false,"medium":false,"medium_large":false,"large":false,"1536x1536":false,"2048x2048":false},"uagb_author_info":{"display_name":"tevienl\u00ednea webenl\u00ednea","author_link":"https:\/\/sitio.luzart.com.mx\/wordpress\/author\/empresa_tevienlinea\/"},"uagb_comment_info":0,"uagb_excerpt":"Soluciones en iluminaci\u00f3n Luzart Arte en Iluminaci\u00f3n Galer\u00eda M\u00e1s de 16 a\u00f1os de experiencia, dedicada al asesoramiento y suministro en [&hellip;]","_links":{"self":[{"href":"https:\/\/sitio.luzart.com.mx\/wordpress\/wp-json\/wp\/v2\/pages\/1085","targetHints":{"allow":["GET"]}}],"collection":[{"href":"https:\/\/sitio.luzart.com.mx\/wordpress\/wp-json\/wp\/v2\/pages"}],"about":[{"href":"https:\/\/sitio.luzart.com.mx\/wordpress\/wp-json\/wp\/v2\/types\/page"}],"author":[{"embeddable":true,"href":"https:\/\/sitio.luzart.com.mx\/wordpress\/wp-json\/wp\/v2\/users\/2"}],"replies":[{"embeddable":true,"href":"https:\/\/sitio.luzart.com.mx\/wordpress\/wp-json\/wp\/v2\/comments?post=1085"}],"version-history":[{"count":81,"href":"https:\/\/sitio.luzart.com.mx\/wordpress\/wp-json\/wp\/v2\/pages\/1085\/revisions"}],"predecessor-version":[{"id":1336,"href":"https:\/\/sitio.luzart.com.mx\/wordpress\/wp-json\/wp\/v2\/pages\/1085\/revisions\/1336"}],"wp:attachment":[{"href":"https:\/\/sitio.luzart.com.mx\/wordpress\/wp-json\/wp\/v2\/media?parent=1085"}],"curies":[{"name":"wp","href":"https:\/\/api.w.org\/{rel}","templated":true}]}}